{"id":119,"date":"2024-07-31T11:26:33","date_gmt":"2024-07-31T09:26:33","guid":{"rendered":"https:\/\/si-logistics.de\/?page_id=119"},"modified":"2024-10-30T15:49:37","modified_gmt":"2024-10-30T14:49:37","slug":"ueber-uns","status":"publish","type":"page","link":"https:\/\/si-logistics.com\/de\/ueber-uns\/","title":{"rendered":"\u00dcber uns"},"content":{"rendered":"<div id=\"keyvisualblock_617d42036517dd42bbe1db8b9fce7ea7\" class=\"has-background block__keyvisual--type-overlapping-banner block__keyvisual alignfull -detect-in-viewport\" data-controller=\"keyvisual\" >\n            <div class=\"keyvisual__background\">\n                            <img loading=\"lazy\" decoding=\"async\" width=\"1617\" height=\"1080\" src=\"https:\/\/si-logistics.com\/wp-content\/uploads\/sites\/4\/2024\/07\/SI-Logistics-Keyvisual-2-2-1617x1080.webp\" class=\"attachment-fullscreen_16_9 size-fullscreen_16_9\" alt=\"Staplerfahrer in einer Lagerhalle\" srcset=\"https:\/\/si-logistics.com\/wp-content\/uploads\/sites\/4\/2024\/07\/SI-Logistics-Keyvisual-2-2-1617x1080.webp 1617w, https:\/\/si-logistics.com\/wp-content\/uploads\/sites\/4\/2024\/07\/SI-Logistics-Keyvisual-2-2-300x200.webp 300w, https:\/\/si-logistics.com\/wp-content\/uploads\/sites\/4\/2024\/07\/SI-Logistics-Keyvisual-2-2-768x513.webp 768w, https:\/\/si-logistics.com\/wp-content\/uploads\/sites\/4\/2024\/07\/SI-Logistics-Keyvisual-2-2-1024x684.webp 1024w, https:\/\/si-logistics.com\/wp-content\/uploads\/sites\/4\/2024\/07\/SI-Logistics-Keyvisual-2-2-1536x1026.webp 1536w, https:\/\/si-logistics.com\/wp-content\/uploads\/sites\/4\/2024\/07\/SI-Logistics-Keyvisual-2-2-400x267.webp 400w, https:\/\/si-logistics.com\/wp-content\/uploads\/sites\/4\/2024\/07\/SI-Logistics-Keyvisual-2-2.webp 1920w\" sizes=\"auto, (max-width: 1617px) 100vw, 1617px\" \/>                    <\/div>\n            \n\n    <div class=\"keyvisual__wrapper\">\n        <div class=\"container inner-blocks\">\n                        \n\n<div class=\"wp-block-group is-vertical is-content-justification-center is-nowrap is-layout-flex wp-container-core-group-is-layout-6e392426 wp-block-group-is-layout-flex\">\n<h1 class=\"wp-block-heading has-text-align-left has-white-color has-text-color\">Lernen Sie uns kennen<\/h1>\n\n\n\n<p class=\"has-white-color has-text-color has-link-color has-large-font-size wp-elements-6d3279a5b20895d5d3ab6fc63d431e2a\">SI Logistics &#8211; Ihr Partner f\u00fcr effiziente Logistikl\u00f6sungen.<\/p>\n<\/div>\n\n        <\/div>\n\n    <\/div>\n\n    \n\n<\/div>\n\n\n<div class=\"wp-block-group alignwide is-layout-constrained wp-block-group-is-layout-constrained\">\n<h2 class=\"wp-block-heading has-text-align-center\">Unsere Kunden im Fokus<\/h2>\n\n\n<div class=\"wp-bootstrap-blocks-row row\">\n\t\n\n<div class=\"col-12 col-md-4\">\n\t\t\t\n\n<div id=\"short-factblock_b841f81ec24d9ea43903d81c83a3be72\" class=\"block__short-fact__orientation--vertical block__short-fact -detect-in-viewport\">\n  <div class=\"animate__animated animate__fadeIn animate__delay-default\">\n    <div class=\"short-fact__icon\">\n      <img loading=\"lazy\" decoding=\"async\" width=\"110\" height=\"113\" src=\"https:\/\/si-logistics.com\/wp-content\/uploads\/sites\/4\/2024\/07\/si-logistics-mission.svg\" class=\"attachment-fullscreen_16_9 size-fullscreen_16_9\" alt=\"si logistics mission\" \/>    <\/div>\n    <div class=\"short-fact__inner-content\">\n              <h5 class=\"short-fact__title\">\n          Unsere Mission        <\/h5>\n            <p class=\"short-fact__paragraph\">\n        Produkt\u00fcbergreifende, langfristige und zuverl\u00e4ssige Materialversorgung f\u00fcr unsere Kunden.      <\/p>\n    <\/div>\n  <\/div>\n\n<\/div>\n\t<\/div>\n\n\n\n<div class=\"col-12 col-md-4\">\n\t\t\t\n\n<div id=\"short-factblock_8cfd0bf31e2c81db2b85232f9c80857c\" class=\"block__short-fact__orientation--vertical block__short-fact -detect-in-viewport\">\n  <div class=\"animate__animated animate__fadeIn animate__delay-1s\">\n    <div class=\"short-fact__icon\">\n      <img loading=\"lazy\" decoding=\"async\" width=\"102\" height=\"113\" src=\"https:\/\/si-logistics.com\/wp-content\/uploads\/sites\/4\/2024\/07\/si-logistics-ziel.svg\" class=\"attachment-fullscreen_16_9 size-fullscreen_16_9\" alt=\"si logistics ziel\" \/>    <\/div>\n    <div class=\"short-fact__inner-content\">\n              <h5 class=\"short-fact__title\">\n          Unser Ziel        <\/h5>\n            <p class=\"short-fact__paragraph\">\n        Etablierung und Sicherstellung einer resilienten und durchgehenden &#8222;erweiterten Supply Chain&#8220; vom Lieferanten bis zum Kunden.      <\/p>\n    <\/div>\n  <\/div>\n\n<\/div>\n\t<\/div>\n\n\n\n<div class=\"col-12 col-md-4\">\n\t\t\t\n\n<div id=\"short-factblock_a1d2f2c1e3a37f685bfbeaefffb30903\" class=\"block__short-fact__orientation--vertical block__short-fact -detect-in-viewport\">\n  <div class=\"animate__animated animate__fadeIn animate__delay-2s\">\n    <div class=\"short-fact__icon\">\n      <img loading=\"lazy\" decoding=\"async\" width=\"121\" height=\"95\" src=\"https:\/\/si-logistics.com\/wp-content\/uploads\/sites\/4\/2024\/07\/si-logistics-vision.svg\" class=\"attachment-fullscreen_16_9 size-fullscreen_16_9\" alt=\"si logistics vision\" \/>    <\/div>\n    <div class=\"short-fact__inner-content\">\n              <h5 class=\"short-fact__title\">\n          Unsere Vision        <\/h5>\n            <p class=\"short-fact__paragraph\">\n        Eine resiliente Wirtschaft, die krisenunabh\u00e4ngig und sicher l\u00e4uft.      <\/p>\n    <\/div>\n  <\/div>\n\n<\/div>\n\t<\/div>\n\n<\/div>\n<\/div>\n\n\n\n<div class=\"wp-block-group alignwide has-light-grey-background-color has-background is-layout-constrained wp-block-group-is-layout-constrained\"><div class=\"wp-bootstrap-blocks-row row gx-5 align-items-center\">\n\t\n\n<div class=\"col-12 col-md-6\">\n\t\t\t\n\n<figure class=\"wp-block-image size-full\"><img loading=\"lazy\" decoding=\"async\" width=\"1266\" height=\"999\" src=\"https:\/\/si-logistics.com\/wp-content\/uploads\/sites\/4\/2024\/10\/SI-Energy-Officeszene.svg\" alt=\"\" class=\"wp-image-510\" \/><\/figure>\n\n\t<\/div>\n\n\n\n<div class=\"col-12 col-md-6\">\n\t\t\t\n\n<h2 class=\"wp-block-heading\">Was wir tun<\/h2>\n\n\n\n<p>Als Teil der internationalen SI Unternehmensgruppe mit Hauptsitz in Mannheim, bietet SI Logistics umfassende Dienstleistungen in der Beschaffung und im Fulfillment.<\/p>\n\n\n\n<p>Unser Fokus liegt auf der ganzheitlichen Betreuung und Optimierung von Lieferketten, um sicherzustellen, dass Ihre Logistikprozesse effizient und reibungslos ablaufen.<\/p>\n\n\t<\/div>\n\n<\/div>\n<\/div>\n","protected":false},"excerpt":{"rendered":"<p>Unsere Kunden im Fokus<\/p>\n","protected":false},"author":3,"featured_media":0,"parent":0,"menu_order":0,"comment_status":"closed","ping_status":"closed","template":"","meta":{"footnotes":""},"class_list":["post-119","page","type-page","status-publish","hentry"],"aioseo_notices":[],"acf":[],"_links":{"self":[{"href":"https:\/\/si-logistics.com\/de\/wp-json\/wp\/v2\/pages\/119","targetHints":{"allow":["GET"]}}],"collection":[{"href":"https:\/\/si-logistics.com\/de\/wp-json\/wp\/v2\/pages"}],"about":[{"href":"https:\/\/si-logistics.com\/de\/wp-json\/wp\/v2\/types\/page"}],"author":[{"embeddable":true,"href":"https:\/\/si-logistics.com\/de\/wp-json\/wp\/v2\/users\/3"}],"replies":[{"embeddable":true,"href":"https:\/\/si-logistics.com\/de\/wp-json\/wp\/v2\/comments?post=119"}],"version-history":[{"count":8,"href":"https:\/\/si-logistics.com\/de\/wp-json\/wp\/v2\/pages\/119\/revisions"}],"predecessor-version":[{"id":522,"href":"https:\/\/si-logistics.com\/de\/wp-json\/wp\/v2\/pages\/119\/revisions\/522"}],"wp:attachment":[{"href":"https:\/\/si-logistics.com\/de\/wp-json\/wp\/v2\/media?parent=119"}],"curies":[{"name":"wp","href":"https:\/\/api.w.org\/{rel}","templated":true}]}}