{"id":130,"date":"2024-07-31T11:52:37","date_gmt":"2024-07-31T09:52:37","guid":{"rendered":"https:\/\/si-logistics.de\/?page_id=130"},"modified":"2024-08-02T16:07:55","modified_gmt":"2024-08-02T14:07:55","slug":"soziales-engagement","status":"publish","type":"page","link":"https:\/\/si-logistics.com\/de\/soziales-engagement\/","title":{"rendered":"Soziales Engagement"},"content":{"rendered":"<div id=\"keyvisualblock_11439b51ebe27f6c0ce0ad7d2fb3f42f\" class=\"has-background block__keyvisual--type-single-chip block__keyvisual alignfull -detect-in-viewport\" data-controller=\"keyvisual\" >\n    \n\n    <div class=\"keyvisual__wrapper\">\n        <div class=\"container inner-blocks\">\n                            <div class=\"keyvisual__single-chip\">\n                    <img loading=\"lazy\" decoding=\"async\" width=\"1000\" height=\"1005\" src=\"https:\/\/si-logistics.com\/wp-content\/uploads\/sites\/4\/2024\/07\/SI-Logistics-Soziales-Engagement.png\" class=\"attachment-fullscreen_16_9 size-fullscreen_16_9\" alt=\"SI Logistics Soziales Engagement\" srcset=\"https:\/\/si-logistics.com\/wp-content\/uploads\/sites\/4\/2024\/07\/SI-Logistics-Soziales-Engagement.png 1000w, https:\/\/si-logistics.com\/wp-content\/uploads\/sites\/4\/2024\/07\/SI-Logistics-Soziales-Engagement-150x150.png 150w, https:\/\/si-logistics.com\/wp-content\/uploads\/sites\/4\/2024\/07\/SI-Logistics-Soziales-Engagement-768x772.png 768w, https:\/\/si-logistics.com\/wp-content\/uploads\/sites\/4\/2024\/07\/SI-Logistics-Soziales-Engagement-398x400.png 398w\" sizes=\"auto, (max-width: 1000px) 100vw, 1000px\" \/>                <\/div>\n                        \n\n<div class=\"wp-block-group is-vertical is-content-justification-center is-nowrap is-layout-flex wp-container-core-group-is-layout-6e392426 wp-block-group-is-layout-flex\">\n<h1 class=\"wp-block-heading\">Soziales Engagement<\/h1>\n<\/div>\n\n        <\/div>\n\n    <\/div>\n\n    \n\n<\/div>\n\n\n<div class=\"wp-block-group alignwide has-light-grey-background-color has-background is-layout-constrained wp-block-group-is-layout-constrained\"><div class=\"wp-bootstrap-blocks-row row gx-5 align-items-center\">\n\t\n\n<div class=\"col-12 col-md-6\">\n\t\t\t\n\n<div id=\"animationblock_78384ee080c618775c54f6c7b2223aa9\" class=\"block__animation -detect-in-viewport\">\n\n\n  <div class=\"animation__inner-blocks inner-blocks  animate__animated animate__fadeIn animate__delay-default\">\n\n\n    \n\n<figure class=\"wp-block-image size-full\"><img loading=\"lazy\" decoding=\"async\" width=\"1001\" height=\"641\" src=\"https:\/\/si-logistics.de\/wp-content\/uploads\/sites\/4\/2024\/07\/Ingolstadt.jpg\" alt=\"\" class=\"wp-image-131\" srcset=\"https:\/\/si-logistics.com\/wp-content\/uploads\/sites\/4\/2024\/07\/Ingolstadt.jpg 1001w, https:\/\/si-logistics.com\/wp-content\/uploads\/sites\/4\/2024\/07\/Ingolstadt-300x192.jpg 300w, https:\/\/si-logistics.com\/wp-content\/uploads\/sites\/4\/2024\/07\/Ingolstadt-768x492.jpg 768w, https:\/\/si-logistics.com\/wp-content\/uploads\/sites\/4\/2024\/07\/Ingolstadt-400x256.jpg 400w\" sizes=\"auto, (max-width: 1001px) 100vw, 1001px\" \/><\/figure>\n\n  <\/div>\n\n<\/div>\n\t<\/div>\n\n\n\n<div class=\"col-12 col-md-6\">\n\t\t\t\n\n<div id=\"animationblock_9658730f4f33f7bac3d68463dd8867d1\" class=\"block__animation alignfull -detect-in-viewport\">\n\n\n  <div class=\"animation__inner-blocks inner-blocks  animate__animated animate__fadeInRight animate__delay-default\">\n\n\n    \n\n<h3 class=\"wp-block-heading\">Lokale L\u00f6sungen mit regionaler Verbundenheit<\/h3>\n\n\n\n<p>Seit 2023 sind wir stolze Premium- und Umweltpartner des FC Ingolstadt und der SpVgg Unterhaching, Vereine, die f\u00fcr Zukunftsbewusstsein und Eigeninitiative stehen.<br><br>Zudem unterst\u00fctzen wir den Traditionsverein VfR Mannheim in unserer Heimatstadt, um eine Verbindung zwischen Profi-, Amateur- und Breitensport zu schaffen und die Jugendf\u00f6rderung zu st\u00e4rken.<\/p>\n\n  <\/div>\n\n<\/div>\n\t<\/div>\n\n<\/div>\n<\/div>\n\n\n\n<div class=\"wp-block-group alignwide is-layout-constrained wp-block-group-is-layout-constrained\"><div class=\"wp-bootstrap-blocks-row row gx-5 align-items-center\">\n\t\n\n<div class=\"col-12 col-md-6\">\n\t\t\t\n\n<div id=\"animationblock_9107d24e63df001b45e65e67abf4b9f0\" class=\"block__animation alignfull -detect-in-viewport\">\n\n\n  <div class=\"animation__inner-blocks inner-blocks  animate__animated animate__fadeInLeft animate__delay-default\">\n\n\n    \n\n<h3 class=\"wp-block-heading\">Food for Thought<\/h3>\n\n\n\n<p>Wir haben das Bildungsprojekt &#8222;Food for Thought \u2013 Dein Pausensnack&#8220; ins Leben gerufen. Es wird erfolgreich an mehreren Schulen in Baden-W\u00fcrttemberg durchgef\u00fchrt.<br><br>Sch\u00fcler w\u00e4hlen, kaufen und bereiten gemeinsam Zutaten zu, um einer Stigmatisierung bed\u00fcrftiger Kinder entgegenzuwirken.<\/p>\n\n  <\/div>\n\n<\/div>\n\t<\/div>\n\n\n\n<div class=\"col-12 col-md-6\">\n\t\t\t\n\n<div id=\"animationblock_78384ee080c618775c54f6c7b2223aa9\" class=\"block__animation -detect-in-viewport\">\n\n\n  <div class=\"animation__inner-blocks inner-blocks  animate__animated animate__fadeIn animate__delay-default\">\n\n\n    \n\n<figure class=\"wp-block-image size-full\"><img loading=\"lazy\" decoding=\"async\" width=\"1000\" height=\"642\" src=\"https:\/\/si-logistics.de\/wp-content\/uploads\/sites\/4\/2024\/07\/SI-Electronics_-Food-for-Thought.jpg\" alt=\"\" class=\"wp-image-133\" srcset=\"https:\/\/si-logistics.com\/wp-content\/uploads\/sites\/4\/2024\/07\/SI-Electronics_-Food-for-Thought.jpg 1000w, https:\/\/si-logistics.com\/wp-content\/uploads\/sites\/4\/2024\/07\/SI-Electronics_-Food-for-Thought-300x193.jpg 300w, https:\/\/si-logistics.com\/wp-content\/uploads\/sites\/4\/2024\/07\/SI-Electronics_-Food-for-Thought-768x493.jpg 768w, https:\/\/si-logistics.com\/wp-content\/uploads\/sites\/4\/2024\/07\/SI-Electronics_-Food-for-Thought-400x257.jpg 400w\" sizes=\"auto, (max-width: 1000px) 100vw, 1000px\" \/><\/figure>\n\n  <\/div>\n\n<\/div>\n\t<\/div>\n\n<\/div>\n<\/div>\n","protected":false},"excerpt":{"rendered":"","protected":false},"author":3,"featured_media":0,"parent":0,"menu_order":0,"comment_status":"closed","ping_status":"closed","template":"","meta":{"footnotes":""},"class_list":["post-130","page","type-page","status-publish","hentry"],"aioseo_notices":[],"acf":[],"_links":{"self":[{"href":"https:\/\/si-logistics.com\/de\/wp-json\/wp\/v2\/pages\/130","targetHints":{"allow":["GET"]}}],"collection":[{"href":"https:\/\/si-logistics.com\/de\/wp-json\/wp\/v2\/pages"}],"about":[{"href":"https:\/\/si-logistics.com\/de\/wp-json\/wp\/v2\/types\/page"}],"author":[{"embeddable":true,"href":"https:\/\/si-logistics.com\/de\/wp-json\/wp\/v2\/users\/3"}],"replies":[{"embeddable":true,"href":"https:\/\/si-logistics.com\/de\/wp-json\/wp\/v2\/comments?post=130"}],"version-history":[{"count":1,"href":"https:\/\/si-logistics.com\/de\/wp-json\/wp\/v2\/pages\/130\/revisions"}],"predecessor-version":[{"id":138,"href":"https:\/\/si-logistics.com\/de\/wp-json\/wp\/v2\/pages\/130\/revisions\/138"}],"wp:attachment":[{"href":"https:\/\/si-logistics.com\/de\/wp-json\/wp\/v2\/media?parent=130"}],"curies":[{"name":"wp","href":"https:\/\/api.w.org\/{rel}","templated":true}]}}