{"id":1345,"date":"2026-02-05T09:55:47","date_gmt":"2026-02-05T08:55:47","guid":{"rendered":"https:\/\/si-logistics.com\/?page_id=1345"},"modified":"2026-05-12T09:04:10","modified_gmt":"2026-05-12T07:04:10","slug":"zertifikate","status":"publish","type":"page","link":"https:\/\/si-logistics.com\/de\/zertifikate\/","title":{"rendered":"Zertifikate"},"content":{"rendered":"<div id=\"keyvisualblock_882172cc9654098b67b089878e4190bd\" class=\"has-background block__keyvisual--type-single-chip block__keyvisual alignfull -detect-in-viewport\" data-controller=\"keyvisual\" >\n    \n\n    <div class=\"keyvisual__wrapper\">\n        <div class=\"container inner-blocks\">\n                            <div class=\"keyvisual__single-chip\">\n                                    <\/div>\n                        \n\n<div class=\"wp-block-group is-vertical is-content-justification-center is-nowrap is-layout-flex wp-container-core-group-is-layout-6e392426 wp-block-group-is-layout-flex\">\n<h1 class=\"wp-block-heading\">Zertifikate<\/h1>\n<\/div>\n\n        <\/div>\n\n    <\/div>\n\n    \n\n<\/div>\n\n\n<div id=\"spacerblock_bb6ac10485ed33f7f60d4828bab59534\" class=\"block__spacer -detect-in-viewport block__spacer--large\"><\/div>\n\n\n<h1 class=\"wp-block-heading has-text-align-center\">Zertifikate<\/h1>\n\n\n\n<div class=\"wp-block-group alignwide is-layout-constrained wp-block-group-is-layout-constrained\"><div class=\"wp-bootstrap-blocks-row row align-items-center\">\n\t\n\n<div class=\"col-12 col-md-6\">\n\t\t\t\n\n<div id=\"animationblock_d442bf75ea94878432745ebb2c5be187\" class=\"block__animation alignfull -detect-in-viewport\">\n\n\n  <div class=\"animation__inner-blocks inner-blocks  animate__animated animate__fadeInLeft animate__delay-default\">\n\n\n    \n\n<h2 class=\"wp-block-heading\">DIN EN ISO 9001:2015<\/h2>\n\n\n\n<p>Die SI Logistics GmbH befindet sich derzeit in einem laufenden Zertifizierungsverfahren nach DIN EN ISO 9001:2015 bei der T\u00dcV Rheinland Cert GmbH. <\/p>\n\n\n\n<p>Im Rahmen dieses Verfahrens werden die bestehenden Qualit\u00e4tsmanagementprozesse gepr\u00fcft und auditiert. Die nachfolgende Bescheinigung best\u00e4tigt den aktuellen Stand des Zertifizierungsprozesses sowie die Durchf\u00fchrung durch eine akkreditierte Zertifizierungsstelle.<\/p>\n\n\n\n<div id=\"buttonblock_b231d586efd78586bd605574a774bf24\" class=\"btn--align-left block__button -detect-in-viewport\">\n\n  <div class=\"button__link \">\n          <a href=\"https:\/\/si-logistics.com\/wp-content\/uploads\/sites\/4\/2026\/05\/01-100-2600062_Main_DE.PDF.pdf\" target=\"_blank\" class=\"btn btn--primary   \">\n        Zertifikat ansehen        <svg viewBox=\"0 0 24 24\">\n          <use xlink:href=\"#button-arrow\"><\/use>\n        <\/svg>\n      <\/a>\n      <\/div>\n\n\n\n<\/div>\n  <\/div>\n\n<\/div>\n\t<\/div>\n\n\n\n<div class=\"col-12 col-md-6 vertical-center\">\n\t\t\t\n\n<div id=\"animationblock_1a89bfa70c5ae135e112109a86b5ac96\" class=\"block__animation -detect-in-viewport\">\n\n\n  <div class=\"animation__inner-blocks inner-blocks  animate__animated animate__fadeIn animate__delay-default\">\n\n\n    \n\n<figure class=\"wp-block-image aligncenter size-medium\"><img loading=\"lazy\" decoding=\"async\" width=\"300\" height=\"211\" src=\"https:\/\/si-logistics.com\/wp-content\/uploads\/sites\/4\/2026\/02\/TUV_R_Markenzeichen_2_sRGB_website-300x211.jpg\" alt=\"\" class=\"wp-image-1350\" srcset=\"https:\/\/si-logistics.com\/wp-content\/uploads\/sites\/4\/2026\/02\/TUV_R_Markenzeichen_2_sRGB_website-300x211.jpg 300w, https:\/\/si-logistics.com\/wp-content\/uploads\/sites\/4\/2026\/02\/TUV_R_Markenzeichen_2_sRGB_website-400x281.jpg 400w, https:\/\/si-logistics.com\/wp-content\/uploads\/sites\/4\/2026\/02\/TUV_R_Markenzeichen_2_sRGB_website.jpg 590w\" sizes=\"auto, (max-width: 300px) 100vw, 300px\" \/><\/figure>\n\n  <\/div>\n\n<\/div>\n\t<\/div>\n\n<\/div>\n<\/div>\n\n\n\n<h1 class=\"wp-block-heading has-text-align-center\"><\/h1>\n\n\n\n<p><\/p>\n","protected":false},"excerpt":{"rendered":"<p>Zertifikate<\/p>\n","protected":false},"author":13,"featured_media":0,"parent":0,"menu_order":0,"comment_status":"closed","ping_status":"closed","template":"","meta":{"footnotes":""},"class_list":["post-1345","page","type-page","status-publish","hentry"],"aioseo_notices":[],"acf":[],"_links":{"self":[{"href":"https:\/\/si-logistics.com\/de\/wp-json\/wp\/v2\/pages\/1345","targetHints":{"allow":["GET"]}}],"collection":[{"href":"https:\/\/si-logistics.com\/de\/wp-json\/wp\/v2\/pages"}],"about":[{"href":"https:\/\/si-logistics.com\/de\/wp-json\/wp\/v2\/types\/page"}],"author":[{"embeddable":true,"href":"https:\/\/si-logistics.com\/de\/wp-json\/wp\/v2\/users\/13"}],"replies":[{"embeddable":true,"href":"https:\/\/si-logistics.com\/de\/wp-json\/wp\/v2\/comments?post=1345"}],"version-history":[{"count":8,"href":"https:\/\/si-logistics.com\/de\/wp-json\/wp\/v2\/pages\/1345\/revisions"}],"predecessor-version":[{"id":1541,"href":"https:\/\/si-logistics.com\/de\/wp-json\/wp\/v2\/pages\/1345\/revisions\/1541"}],"wp:attachment":[{"href":"https:\/\/si-logistics.com\/de\/wp-json\/wp\/v2\/media?parent=1345"}],"curies":[{"name":"wp","href":"https:\/\/api.w.org\/{rel}","templated":true}]}}