{"id":139,"date":"2024-07-31T13:40:07","date_gmt":"2024-07-31T11:40:07","guid":{"rendered":"https:\/\/si-logistics.de\/?page_id=139"},"modified":"2025-05-09T11:11:41","modified_gmt":"2025-05-09T09:11:41","slug":"karriere","status":"publish","type":"page","link":"https:\/\/si-logistics.com\/de\/karriere\/","title":{"rendered":"Karriere"},"content":{"rendered":"<div id=\"keyvisualblock_865d779dfa79aaa2267e575ad7c5bf6e\" class=\"has-background block__keyvisual--type-overlapping-banner block__keyvisual alignfull -detect-in-viewport\" data-controller=\"keyvisual\" >\n            <div class=\"keyvisual__background\">\n                            <img loading=\"lazy\" decoding=\"async\" width=\"1266\" height=\"999\" src=\"https:\/\/si-logistics.com\/wp-content\/uploads\/sites\/4\/2024\/10\/SI-Energy-Officeszene.svg\" class=\"attachment-fullscreen_16_9 size-fullscreen_16_9\" alt=\"\" \/>                    <\/div>\n            \n\n    <div class=\"keyvisual__wrapper\">\n        <div class=\"container inner-blocks\">\n                        \n\n<div class=\"wp-block-group is-vertical is-content-justification-center is-nowrap is-layout-flex wp-container-core-group-is-layout-6e392426 wp-block-group-is-layout-flex\">\n<h1 class=\"wp-block-heading has-white-color has-text-color\">Gemeinsam Logistik revolutionieren<\/h1>\n\n\n\n<p class=\"has-text-align-left has-white-color has-text-color has-large-font-size\">Karriere bei SI Logistics<\/p>\n\n\n\n<div id=\"buttonblock_ed222d280795fb6f642bbfa2933f611f\" class=\"btn--align-left block__button -detect-in-viewport\">\n\n  <div class=\"button__link \">\n          <a href=\"#jobs\" target=\"\" class=\"btn btn--primary   btn--inverted\">\n        Zu den Stellenangeboten        <svg viewBox=\"0 0 24 24\">\n          <use xlink:href=\"#button-arrow\"><\/use>\n        <\/svg>\n      <\/a>\n      <\/div>\n\n\n\n<\/div><\/div>\n\n        <\/div>\n\n    <\/div>\n\n    \n\n<\/div>\n\n\n<div class=\"wp-block-group alignwide is-layout-constrained wp-block-group-is-layout-constrained\">\n<h2 class=\"wp-block-heading has-text-align-center\">Vorteile im \u00dcberblick<\/h2>\n\n\n<div class=\"wp-bootstrap-blocks-row row\">\n\t\n\n<div class=\"col-12 col-md-6\">\n\t\t\t\n\n<div id=\"short-factblock_1fac04c0d1efe7bf149998878680e93b\" class=\"block__short-fact__orientation--horizontal block__short-fact -detect-in-viewport\">\n  <div class=\"\">\n    <div class=\"short-fact__icon\">\n      <img loading=\"lazy\" decoding=\"async\" width=\"54\" height=\"52\" src=\"https:\/\/si-logistics.com\/wp-content\/uploads\/sites\/4\/2024\/07\/Property-1Aufstiegschancen.svg\" class=\"attachment-fullscreen_16_9 size-fullscreen_16_9\" alt=\"Aufstiegschancen bei SI Logistics\" \/>    <\/div>\n    <div class=\"short-fact__inner-content\">\n              <h5 class=\"short-fact__title\">\n          Beste Aufstiegschancen        <\/h5>\n            <p class=\"short-fact__paragraph\">\n        Wir wachsen schnell. Das hei\u00dft: jede Menge M\u00f6glichkeiten f\u00fcr Dich.      <\/p>\n    <\/div>\n  <\/div>\n\n<\/div>\n\n\n<div id=\"short-factblock_a18d7e0cde9af9d18d6a12c40292cb7b\" class=\"block__short-fact__orientation--horizontal block__short-fact -detect-in-viewport\">\n  <div class=\"\">\n    <div class=\"short-fact__icon\">\n      <img loading=\"lazy\" decoding=\"async\" width=\"50\" height=\"50\" src=\"https:\/\/si-logistics.com\/wp-content\/uploads\/sites\/4\/2024\/07\/Property-1Fortbildungen.svg\" class=\"attachment-fullscreen_16_9 size-fullscreen_16_9\" alt=\"Fortbildungen bei SI Logistics\" \/>    <\/div>\n    <div class=\"short-fact__inner-content\">\n              <h5 class=\"short-fact__title\">\n          Bezahlte Fortbildungen        <\/h5>\n            <p class=\"short-fact__paragraph\">\n        Wir ku\u0308mmern uns um Deine Weiterentwicklung. Auch finanziell.      <\/p>\n    <\/div>\n  <\/div>\n\n<\/div>\n\n\n<div id=\"short-factblock_9aa182db70b21cca8479548f40e7afdf\" class=\"block__short-fact__orientation--horizontal block__short-fact -detect-in-viewport\">\n  <div class=\"\">\n    <div class=\"short-fact__icon\">\n      <img loading=\"lazy\" decoding=\"async\" width=\"50\" height=\"52\" src=\"https:\/\/si-logistics.com\/wp-content\/uploads\/sites\/4\/2024\/07\/Property-1Office.svg\" class=\"attachment-fullscreen_16_9 size-fullscreen_16_9\" alt=\"Modernes Office bei SI Logistics\" \/>    <\/div>\n    <div class=\"short-fact__inner-content\">\n              <h5 class=\"short-fact__title\">\n          Office mit Wohlf\u00fchlfaktor        <\/h5>\n            <p class=\"short-fact__paragraph\">\n        Neueste Arbeitspl\u00e4tze, Fitnessstudio, Ruher\u00e4ume, Kantine: alles drin.      <\/p>\n    <\/div>\n  <\/div>\n\n<\/div>\n\n\n<div id=\"short-factblock_c9a6afc24a8a024143d2fb6060adc06b\" class=\"block__short-fact__orientation--horizontal block__short-fact -detect-in-viewport\">\n  <div class=\"\">\n    <div class=\"short-fact__icon\">\n      <img loading=\"lazy\" decoding=\"async\" width=\"50\" height=\"50\" src=\"https:\/\/si-logistics.com\/wp-content\/uploads\/sites\/4\/2024\/07\/Property-1Urlaubstage.svg\" class=\"attachment-fullscreen_16_9 size-fullscreen_16_9\" alt=\"Urlaubstage bei SI Logistics\" \/>    <\/div>\n    <div class=\"short-fact__inner-content\">\n              <h5 class=\"short-fact__title\">\n          \u00dcberdurchschnittliche Anzahl an Urlaubstagen        <\/h5>\n            <p class=\"short-fact__paragraph\">\n        Wer hart arbeitet, hat einen umfassenden Ausgleich verdient.      <\/p>\n    <\/div>\n  <\/div>\n\n<\/div>\n\t<\/div>\n\n\n\n<div class=\"col-12 col-md-6\">\n\t\t\t\n\n<div id=\"short-factblock_d2618ca6dd62d6d962ef8494c209a1ef\" class=\"block__short-fact__orientation--horizontal block__short-fact -detect-in-viewport\">\n  <div class=\"\">\n    <div class=\"short-fact__icon\">\n      <img loading=\"lazy\" decoding=\"async\" width=\"52\" height=\"50\" src=\"https:\/\/si-logistics.com\/wp-content\/uploads\/sites\/4\/2024\/07\/Property-1Praemien.svg\" class=\"attachment-fullscreen_16_9 size-fullscreen_16_9\" alt=\"Pr\u00e4mien bei SI Logistics\" \/>    <\/div>\n    <div class=\"short-fact__inner-content\">\n              <h5 class=\"short-fact__title\">\n          Lukrative Pr\u00e4mien        <\/h5>\n            <p class=\"short-fact__paragraph\">\n        Bei uns wird Top-Leistung gesehen. Und zahlt sich aus.      <\/p>\n    <\/div>\n  <\/div>\n\n<\/div>\n\n\n<div id=\"short-factblock_c82c780c5a9540339bdbe2ce11bc90e1\" class=\"block__short-fact__orientation--horizontal block__short-fact -detect-in-viewport\">\n  <div class=\"\">\n    <div class=\"short-fact__icon\">\n      <img loading=\"lazy\" decoding=\"async\" width=\"50\" height=\"50\" src=\"https:\/\/si-logistics.com\/wp-content\/uploads\/sites\/4\/2024\/07\/Property-1Betriebsrente.svg\" class=\"attachment-fullscreen_16_9 size-fullscreen_16_9\" alt=\"Betriebsrente bei SI Logistics\" \/>    <\/div>\n    <div class=\"short-fact__inner-content\">\n              <h5 class=\"short-fact__title\">\n          Betriebsrente        <\/h5>\n            <p class=\"short-fact__paragraph\">\n        Fu\u0308r den Moment leben ist sch\u00f6n. Sp\u00e4ter abgesichert sein aber auch.      <\/p>\n    <\/div>\n  <\/div>\n\n<\/div>\n\n\n<div id=\"short-factblock_3bb0762d56f3548dfc067eef2e18fe56\" class=\"block__short-fact__orientation--horizontal block__short-fact -detect-in-viewport\">\n  <div class=\"\">\n    <div class=\"short-fact__icon\">\n      <img loading=\"lazy\" decoding=\"async\" width=\"50\" height=\"50\" src=\"https:\/\/si-logistics.com\/wp-content\/uploads\/sites\/4\/2024\/07\/Property-1Essen.svg\" class=\"attachment-fullscreen_16_9 size-fullscreen_16_9\" alt=\"Gratis Essen bei SI Logistics\" \/>    <\/div>\n    <div class=\"short-fact__inner-content\">\n              <h5 class=\"short-fact__title\">\n          Monatliche Teamevents        <\/h5>\n            <p class=\"short-fact__paragraph\">\n        Bowling, Grillen, ein Drink nach Feierabend: Gemeinschaft ist bei uns mehr als ein Wort.      <\/p>\n    <\/div>\n  <\/div>\n\n<\/div>\n\t<\/div>\n\n<\/div>\n<\/div>\n\n\n\n<div id=\"spacerblock_a71b444c5dc22bf66fcd9fd695ba50ad\" class=\"block__spacer -detect-in-viewport block__spacer--large\"><\/div>\n\n\n<div id=\"sliderblock_a5986ef720b127f44b71c6962cec8d93\" class=\"block__slider alignfull -detect-in-viewport\">\n\n    <div class=\"swiper slider \" data-slides-per-view=\"1\" data-autoplay-enable=\"1\" data-autoplay-delay=\"3000\"  data-navigation-enable >\n\n        <div class=\"swiper-wrapper\">\n            \n\n<div id=\"slideblock_07cc47758e7bdba7ebdab8ddd3f61e2c\" class=\"swiper-slide inner-blocks block__slide--image block__slide -detect-in-viewport\">\n            <div class=\"slide__image\">\n            <img loading=\"lazy\" decoding=\"async\" width=\"1920\" height=\"843\" src=\"https:\/\/si-logistics.com\/wp-content\/uploads\/sites\/4\/2024\/07\/si-office-3-1-1920x843-1.webp\" class=\"attachment-fullscreen_16_9 size-fullscreen_16_9\" alt=\"B\u00fcrosituation im Meetingraum bei SI Logistics\" srcset=\"https:\/\/si-logistics.com\/wp-content\/uploads\/sites\/4\/2024\/07\/si-office-3-1-1920x843-1.webp 1920w, https:\/\/si-logistics.com\/wp-content\/uploads\/sites\/4\/2024\/07\/si-office-3-1-1920x843-1-300x132.webp 300w, https:\/\/si-logistics.com\/wp-content\/uploads\/sites\/4\/2024\/07\/si-office-3-1-1920x843-1-768x337.webp 768w, https:\/\/si-logistics.com\/wp-content\/uploads\/sites\/4\/2024\/07\/si-office-3-1-1920x843-1-1024x450.webp 1024w, https:\/\/si-logistics.com\/wp-content\/uploads\/sites\/4\/2024\/07\/si-office-3-1-1920x843-1-1536x674.webp 1536w, https:\/\/si-logistics.com\/wp-content\/uploads\/sites\/4\/2024\/07\/si-office-3-1-1920x843-1-400x176.webp 400w\" sizes=\"auto, (max-width: 1920px) 100vw, 1920px\" \/>        <\/div>\n                <\/div>\n\n\n<div id=\"slideblock_7097556ae764f0ffebe88ac435ee4299\" class=\"swiper-slide inner-blocks block__slide--image block__slide -detect-in-viewport\">\n            <div class=\"slide__image\">\n            <img loading=\"lazy\" decoding=\"async\" width=\"1620\" height=\"1080\" src=\"https:\/\/si-logistics.com\/wp-content\/uploads\/sites\/4\/2024\/10\/IMG_7706-1-1620x1080.webp\" class=\"attachment-fullscreen_16_9 size-fullscreen_16_9\" alt=\"\" srcset=\"https:\/\/si-logistics.com\/wp-content\/uploads\/sites\/4\/2024\/10\/IMG_7706-1-1620x1080.webp 1620w, https:\/\/si-logistics.com\/wp-content\/uploads\/sites\/4\/2024\/10\/IMG_7706-1-2048x1365.webp 2048w, https:\/\/si-logistics.com\/wp-content\/uploads\/sites\/4\/2024\/10\/IMG_7706-1-300x200.webp 300w, https:\/\/si-logistics.com\/wp-content\/uploads\/sites\/4\/2024\/10\/IMG_7706-1-768x512.webp 768w, https:\/\/si-logistics.com\/wp-content\/uploads\/sites\/4\/2024\/10\/IMG_7706-1-1024x683.webp 1024w, https:\/\/si-logistics.com\/wp-content\/uploads\/sites\/4\/2024\/10\/IMG_7706-1-1536x1024.webp 1536w, https:\/\/si-logistics.com\/wp-content\/uploads\/sites\/4\/2024\/10\/IMG_7706-1-400x267.webp 400w\" sizes=\"auto, (max-width: 1620px) 100vw, 1620px\" \/>        <\/div>\n                <\/div>\n        <\/div>\n\n                    <div class=\"swiper-controls-wrapper\">\n                                                    <div class=\"swiper-button-prev\"><\/div>\n                    <div class=\"swiper-button-next\"><\/div>\n                            <\/div>\n            <\/div>\n\n<\/div>\n\n\n<div class=\"wp-block-group alignwide is-layout-constrained wp-block-group-is-layout-constrained\"><div class=\"wp-bootstrap-blocks-row row gx-5 justify-content-center\">\n\t\n\n<div class=\"col-12 col-md-6\">\n\t\t\t\n\n<div id=\"animationblock_f04d4e43c22ca564cc30957207c00ce6\" class=\"block__animation -detect-in-viewport\">\n\n\n  <div class=\"animation__inner-blocks inner-blocks  animate__animated animate__fadeInLeft animate__delay-default\">\n\n\n    \n\n<h2 class=\"wp-block-heading\">Arbeiten bei SI Logistics<\/h2>\n\n\n\n<p>Du willst etwas bewegen \u2013 f\u00fcr dich und die Welt der Logistik? Bei uns hast du die M\u00f6glichkeit dazu!<\/p>\n\n\n\n<p>Werde Teil eines Teams, das die Zukunft der Logistik gestaltet. Gemeinsam wachsen wir \u2013 wirtschaftlich, fachlich und pers\u00f6nlich. Wir investieren in die Zukunft: in innovative Logistikl\u00f6sungen, nachhaltige Gesch\u00e4ftsbeziehungen und vor allem in unsere Mitarbeiterinnen und Mitarbeiter.<\/p>\n\n\n\n<p>Bei SI Logistics sind faire Entlohnung, vielf\u00e4ltige Karrierem\u00f6glichkeiten und ein Umfeld, in dem du dich entfalten kannst, selbstverst\u00e4ndlich. Deine berufliche Entwicklung und Zufriedenheit sind uns wichtig, denn unser Team ist der Schl\u00fcssel zu unserem Erfolg.<\/p>\n\n\n\n<p>Klingt das interessant f\u00fcr dich? Dann bewirb dich jetzt und werde Teil unseres Teams. Wir freuen uns darauf, dich kennenzulernen!<\/p>\n\n  <\/div>\n\n<\/div>\n\t<\/div>\n\n\n\n<div class=\"col-8 col-md-6\">\n\t\t\t<div class=\"h-100 d-flex flex-column justify-content-center\">\n\t\t\t\n\n<div id=\"animationblock_f6c6e08748dc4d0dea9ea542217fd557\" class=\"block__animation -detect-in-viewport\">\n\n\n  <div class=\"animation__inner-blocks inner-blocks  animate__animated animate__fadeInRight animate__delay-default\">\n\n\n    \n\n<div id=\"image-with-chipblock_afb6e05470390d183a49883fe9efcbb5\" class=\"block__image-with-chip -detect-in-viewport\">\n  <div class=\"image-with-chip__wrapper\">\n    <div class=\"image-with-chip__image\">\n      <img loading=\"lazy\" decoding=\"async\" width=\"1440\" height=\"1080\" src=\"https:\/\/si-logistics.com\/wp-content\/uploads\/sites\/4\/2024\/07\/SI-Logistics-Keyvisual-1-1.webp\" class=\"attachment-fullscreen_16_9 size-fullscreen_16_9\" alt=\"Containerschiff auf dem Meer. Ansicht von oben\" srcset=\"https:\/\/si-logistics.com\/wp-content\/uploads\/sites\/4\/2024\/07\/SI-Logistics-Keyvisual-1-1.webp 1440w, https:\/\/si-logistics.com\/wp-content\/uploads\/sites\/4\/2024\/07\/SI-Logistics-Keyvisual-1-1-300x225.webp 300w, https:\/\/si-logistics.com\/wp-content\/uploads\/sites\/4\/2024\/07\/SI-Logistics-Keyvisual-1-1-768x576.webp 768w, https:\/\/si-logistics.com\/wp-content\/uploads\/sites\/4\/2024\/07\/SI-Logistics-Keyvisual-1-1-1024x768.webp 1024w, https:\/\/si-logistics.com\/wp-content\/uploads\/sites\/4\/2024\/07\/SI-Logistics-Keyvisual-1-1-400x300.webp 400w\" sizes=\"auto, (max-width: 1440px) 100vw, 1440px\" \/>      <div class=\"image-with-chip__chip image-with-chip__chip--right      animate__animated animate__siRotateIn-right animate__delay-default\">\n        <svg width=\"326\" height=\"326\" viewBox=\"0 0 326 326\" fill=\"none\" xmlns=\"http:\/\/www.w3.org\/2000\/svg\">\n          <use xlink:href=\" #image-chip\">\n        <\/svg>\n      <\/div>\n    <\/div>\n  <\/div>\n<\/div>\n  <\/div>\n\n<\/div>\n\t\t<\/div>\n\t<\/div>\n\n<\/div>\n<\/div>\n\n\n\n<div class=\"wp-block-group alignwide is-layout-constrained wp-block-group-is-layout-constrained\">\n<h2 class=\"wp-block-heading has-text-align-center\">Deine Bewerbung in 3 Schritten<\/h2>\n\n\n\n<div id=\"timelineblock_e7c279b83b4fa0e52267a373c923f2ac\" class=\"block__timeline -detect-in-viewport\" data-controller=\"timeline\">\n  <div class=\"timeline__line\" data-timeline-target=\"line\"><\/div>\n  <ul class=\"timeline__entries\" data-timeline-target=\"timelineContainer\">\n          <li class=\"timeline__entry\" data-timeline-target=\"entries\">\n        <div class=\"timeline__entry__badge\">\n          <img loading=\"lazy\" decoding=\"async\" width=\"211\" height=\"211\" src=\"https:\/\/si-logistics.com\/wp-content\/uploads\/sites\/4\/2024\/07\/logistics-Bewerbung-1-1.svg\" class=\"has-icon-padding\" alt=\"Bewerbung abschicken\" \/><\/div>\n        <div class=\"timeline__entry__wrapper\">\n          <div class=\"timeline__entry__number\">1<\/div>\n          <div class=\"timeline__entry__content\">\n            <h3 class=\"timeline__entry__title\"> Schritt 1: Bewerbung<\/h3>\n            <p>Dein erster Schritt ist die Bewerbung: Schicke uns Deinen Lebenslauf und ein Anschreiben. Achte darauf, Deine Bewerbung sorgf\u00e4ltig zu erstellen und hebe Deine Qualifikationen, F\u00e4higkeiten und Erfahrungen deutlich hervor. So k\u00f6nnen wir Deine Eignung f\u00fcr die entsprechende Stelle besser bewerten.<\/p>\n          <\/div>\n        <\/div>\n      <\/li>\n          <li class=\"timeline__entry\" data-timeline-target=\"entries\">\n        <div class=\"timeline__entry__badge\">\n          <img loading=\"lazy\" decoding=\"async\" width=\"211\" height=\"211\" src=\"https:\/\/si-logistics.com\/wp-content\/uploads\/sites\/4\/2024\/07\/logistics-Bewerbung-2-1.svg\" class=\"has-icon-padding\" alt=\"Bewerbung senden\" \/><\/div>\n        <div class=\"timeline__entry__wrapper\">\n          <div class=\"timeline__entry__number\">2<\/div>\n          <div class=\"timeline__entry__content\">\n            <h3 class=\"timeline__entry__title\"> Schritt 2: Interview<\/h3>\n            <p>Wenn uns Deine Bewerbung positiv auff\u00e4llt, laden wir Dich zu einem pers\u00f6nlichen Vorstellungsgespr\u00e4ch ein. Wir m\u00f6chten Dich besser kennenlernen und herauszufinden, ob Du gut in unser Unternehmen und unser Team passt.<\/p>\n          <\/div>\n        <\/div>\n      <\/li>\n          <li class=\"timeline__entry\" data-timeline-target=\"entries\">\n        <div class=\"timeline__entry__badge\">\n          <img loading=\"lazy\" decoding=\"async\" width=\"211\" height=\"211\" src=\"https:\/\/si-logistics.com\/wp-content\/uploads\/sites\/4\/2024\/07\/logistics-Bewerbung-3-1.svg\" class=\"has-icon-padding\" alt=\"Unterschriebener Arbeitsvertrag\" \/><\/div>\n        <div class=\"timeline__entry__wrapper\">\n          <div class=\"timeline__entry__number\">3<\/div>\n          <div class=\"timeline__entry__content\">\n            <h3 class=\"timeline__entry__title\"> Schritt 3: Entscheidung<\/h3>\n            <p>Wenn das Gesamtpaket stimmt, bieten wir Dir eine Anstellung an und kl\u00e4ren die Einzelheiten Deines neuen Arbeitsvertrags. Willkommen in unserem Team!<\/p>\n          <\/div>\n        <\/div>\n      <\/li>\n      <\/ul>\n<\/div><\/div>\n\n\n\n<div id=\"jobs\" class=\"wp-block-group is-layout-constrained wp-block-group-is-layout-constrained\">\n<h2 class=\"wp-block-heading has-text-align-center\">Stellenangebote<\/h2>\n\n\n\n<p class=\"has-text-align-center\">Die Welt der Logistik revolutionieren \u2013 daf\u00fcr suchen wir Menschen, die diese Herausforderung gemeinsam mit uns anpacken wollen.<\/p>\n\n\n\n<div id=\"job-listingblock_1c9f7505856a8f17d50528afe6fcaf8e\" class=\"block__job-listing -detect-in-viewport\">\n  <div class=\"job-listing__filters\">\n    <div class=\"filters__top\">\n      <div class=\"facetwp-facet facetwp-facet-job_search facetwp-type-autocomplete\" data-name=\"job_search\" data-type=\"autocomplete\"><\/div>    <\/div>\n    <div class=\"filters__bottom\">\n      <div class=\"facetwp-facet facetwp-facet-job_locations facetwp-type-fselect\" data-name=\"job_locations\" data-type=\"fselect\"><\/div>      <div class=\"facetwp-facet facetwp-facet-job_divisions facetwp-type-fselect\" data-name=\"job_divisions\" data-type=\"fselect\"><\/div>      <div class=\"facetwp-facet facetwp-facet-job_entrylevel facetwp-type-fselect\" data-name=\"job_entrylevel\" data-type=\"fselect\"><\/div>                <\/div>\n  <\/div>\n  <div class=\"job-listing__list facetwp-template\">\n                <div class=\"job-listing__job\">\n        <style>\n          .category--si-logistics {\n            --theme-color-primary: var(--si-color-si-logistics);\n          }\n        <\/style>\n        \n<div id=\"job-496\" class=\"block__teaser--style-clean block__teaser--image-top block__card, category--si-logistics\">\n    <div class=\"block__teaser__wrapper has-background has-white-background-color \">\n\n        \n        <div class=\"block__teaser__content inner-blocks\">\n                            \n<div class=\"jobs__tags\">\n      <span class=\"tag\">Mannheim<\/span>\n      <span class=\"tag\">Logistik<\/span>\n  <\/div>\n\n\n<div class=\"jobs__header\">\n  <span><\/span>\n\n  <h3>\n    Operation Manager Logistics (m\/w\/d)  <\/h3>\n<\/div>\n\n<div class=\"jobs__link\">\n  <a href=\"https:\/\/si-logistics.com\/de\/jobs\/operation-manager-logistics-m-w-d-2\/\" target=\"_blank\" class=\"btn btn--link\">\n    Stellendetails    <svg viewBox=\"0 0 24 24\">\n      <use xlink:href=\"#button-arrow\"><\/use>\n    <\/svg>\n  <\/a>\n<\/div>            \n                    <\/div>\n\n    <\/div>\n<\/div>      <\/div>\n                <div class=\"job-listing__job\">\n        <style>\n          .category--si-logistics {\n            --theme-color-primary: var(--si-color-si-logistics);\n          }\n        <\/style>\n        \n<div id=\"job-497\" class=\"block__teaser--style-clean block__teaser--image-top block__card, category--si-logistics\">\n    <div class=\"block__teaser__wrapper has-background has-white-background-color \">\n\n        \n        <div class=\"block__teaser__content inner-blocks\">\n                            \n<div class=\"jobs__tags\">\n      <span class=\"tag\">Mannheim<\/span>\n      <span class=\"tag\">Einkauf<\/span>\n  <\/div>\n\n\n<div class=\"jobs__header\">\n  <span><\/span>\n\n  <h3>\n    Purchasing Manager (m\/w\/d)  <\/h3>\n<\/div>\n\n<div class=\"jobs__link\">\n  <a href=\"https:\/\/si-logistics.com\/de\/jobs\/purchasing-manager-m-w-d-2\/\" target=\"_blank\" class=\"btn btn--link\">\n    Stellendetails    <svg viewBox=\"0 0 24 24\">\n      <use xlink:href=\"#button-arrow\"><\/use>\n    <\/svg>\n  <\/a>\n<\/div>            \n                    <\/div>\n\n    <\/div>\n<\/div>      <\/div>\n                <div class=\"job-listing__job\">\n        <style>\n          .category--si-logistics {\n            --theme-color-primary: var(--si-color-si-logistics);\n          }\n        <\/style>\n        \n<div id=\"job-494\" class=\"block__teaser--style-clean block__teaser--image-top block__card, category--si-logistics\">\n    <div class=\"block__teaser__wrapper has-background has-white-background-color \">\n\n        \n        <div class=\"block__teaser__content inner-blocks\">\n                            \n<div class=\"jobs__tags\">\n      <span class=\"tag\">Mannheim<\/span>\n      <span class=\"tag\">Ausbildung<\/span>\n      <span class=\"tag\">Logistik<\/span>\n  <\/div>\n\n\n<div class=\"jobs__header\">\n  <span><\/span>\n\n  <h3>\n    Ausbildung zur Fachkraft f\u00fcr Lagerlogistik (m\/w\/d)  <\/h3>\n<\/div>\n\n<div class=\"jobs__link\">\n  <a href=\"https:\/\/si-logistics.com\/de\/jobs\/ausbildung-zur-fachkraft-fuer-lagerlogistik-m-w-d-2\/\" target=\"_blank\" class=\"btn btn--link\">\n    Stellendetails    <svg viewBox=\"0 0 24 24\">\n      <use xlink:href=\"#button-arrow\"><\/use>\n    <\/svg>\n  <\/a>\n<\/div>            \n                    <\/div>\n\n    <\/div>\n<\/div>      <\/div>\n      <\/div>\n  <div class=\"job-listing__pagination\">\n    <div class=\"facetwp-facet facetwp-facet-pagination facetwp-type-pager\" data-name=\"pagination\" data-type=\"pager\"><\/div>  <\/div>\n<\/div><\/div>\n\n\n\n<div id=\"animationblock_9b2ba0e03f6a55a5e768151f97c6d902\" class=\"block__animation alignwide -detect-in-viewport\">\n\n\n  <div class=\"animation__inner-blocks inner-blocks  animate__animated animate__fadeIn animate__delay-default\">\n\n\n    \n\n<div class=\"wp-block-group is-layout-constrained wp-block-group-is-layout-constrained\"><div class=\"wp-bootstrap-blocks-row row\">\n\t\n\n<div class=\"col-12 col-md-6\">\n\t\t\t\n\n<div id=\"cardblock_0220e0f7abbec6e370acd3bb903010ec\" class=\"block__card--style-clean block__card--image-right block__card -detect-in-viewport\">\n\n\n    <div class=\"block__card__wrapper has-background has-primary-background-color \">\n\n                <div class=\"block__card__content inner-blocks\">\n                            \n\n<div id=\"spacerblock_6025472f8b9ed619e93a0f69249911ac\" class=\"block__spacer -detect-in-viewport block__spacer--medium\"><\/div>\n\n\n<h4 class=\"wp-block-heading has-text-align-center has-white-color has-text-color\">Noch Fragen?<\/h4>\n\n\n\n<p class=\"has-text-align-center has-white-color has-text-color\">F\u00fcr Fragen oder weitere Ausk\u00fcnfte steht dir unser Recruiting-Team gerne zur Verf\u00fcgung.<\/p>\n\n\n\n<div id=\"buttonblock_1aee1ec83a8531234444f4163323bd33\" class=\"btn--align-center block__button aligncenter -detect-in-viewport\">\n\n  <div class=\"button__link \">\n          <a href=\"tel:+496214054060\" target=\"_blank\" class=\"btn btn--primary   btn--inverted\">\n        Jetzt anrufen        <svg viewBox=\"0 0 24 24\">\n          <use xlink:href=\"#button-arrow\"><\/use>\n        <\/svg>\n      <\/a>\n      <\/div>\n\n\n\n<\/div>\n\n\n<div id=\"spacerblock_6025472f8b9ed619e93a0f69249911ac\" class=\"block__spacer -detect-in-viewport block__spacer--medium\"><\/div>\n\n                    <\/div>\n    <\/div>\n\n<\/div>\n\t<\/div>\n\n\n\n<div class=\"col-12 col-md-6\">\n\t\t\t\n\n<div id=\"cardblock_0220e0f7abbec6e370acd3bb903010ec\" class=\"block__card--style-clean block__card--image-right block__card -detect-in-viewport\">\n\n\n    <div class=\"block__card__wrapper has-background has-primary-background-color \">\n\n                <div class=\"block__card__content inner-blocks\">\n                            \n\n<div id=\"spacerblock_6025472f8b9ed619e93a0f69249911ac\" class=\"block__spacer -detect-in-viewport block__spacer--medium\"><\/div>\n\n\n<h4 class=\"wp-block-heading has-text-align-center has-white-color has-text-color\">Initiativ bewerben<\/h4>\n\n\n\n<p class=\"has-text-align-center has-white-color has-text-color\">Bewirb dich initiativ! Zeige uns dein Talent und deine Motivation. Wir freuen uns auf dich!<\/p>\n\n\n\n<div id=\"buttonblock_aed21882cc684fa195c7b07646101b41\" class=\"btn--align-center block__button aligncenter -detect-in-viewport\">\n\n  <div class=\"button__link \">\n          <a href=\"https:\/\/si-logistics.com\/de\/karriere\/bewerben\/\" target=\"_blank\" class=\"btn btn--primary   btn--inverted\">\n        Initiativ bewerben        <svg viewBox=\"0 0 24 24\">\n          <use xlink:href=\"#button-arrow\"><\/use>\n        <\/svg>\n      <\/a>\n      <\/div>\n\n\n\n<\/div>\n\n\n<div id=\"spacerblock_6025472f8b9ed619e93a0f69249911ac\" class=\"block__spacer -detect-in-viewport block__spacer--medium\"><\/div>\n\n                    <\/div>\n    <\/div>\n\n<\/div>\n\t<\/div>\n\n<\/div>\n<\/div>\n\n  <\/div>\n\n<\/div>","protected":false},"excerpt":{"rendered":"<p>Vorteile im \u00dcberblick Deine Bewerbung in 3 Schritten Stellenangebote Die Welt der Logistik revolutionieren \u2013 daf\u00fcr suchen wir Menschen, die diese Herausforderung gemeinsam mit uns anpacken wollen.<\/p>\n","protected":false},"author":3,"featured_media":0,"parent":0,"menu_order":0,"comment_status":"closed","ping_status":"closed","template":"","meta":{"footnotes":""},"class_list":["post-139","page","type-page","status-publish","hentry"],"aioseo_notices":[],"acf":[],"_links":{"self":[{"href":"https:\/\/si-logistics.com\/de\/wp-json\/wp\/v2\/pages\/139","targetHints":{"allow":["GET"]}}],"collection":[{"href":"https:\/\/si-logistics.com\/de\/wp-json\/wp\/v2\/pages"}],"about":[{"href":"https:\/\/si-logistics.com\/de\/wp-json\/wp\/v2\/types\/page"}],"author":[{"embeddable":true,"href":"https:\/\/si-logistics.com\/de\/wp-json\/wp\/v2\/users\/3"}],"replies":[{"embeddable":true,"href":"https:\/\/si-logistics.com\/de\/wp-json\/wp\/v2\/comments?post=139"}],"version-history":[{"count":9,"href":"https:\/\/si-logistics.com\/de\/wp-json\/wp\/v2\/pages\/139\/revisions"}],"predecessor-version":[{"id":587,"href":"https:\/\/si-logistics.com\/de\/wp-json\/wp\/v2\/pages\/139\/revisions\/587"}],"wp:attachment":[{"href":"https:\/\/si-logistics.com\/de\/wp-json\/wp\/v2\/media?parent=139"}],"curies":[{"name":"wp","href":"https:\/\/api.w.org\/{rel}","templated":true}]}}