{"id":334,"date":"2024-09-20T14:21:08","date_gmt":"2024-09-20T12:21:08","guid":{"rendered":"https:\/\/si-logistics.de\/?page_id=334"},"modified":"2024-09-23T10:59:21","modified_gmt":"2024-09-23T08:59:21","slug":"logistikdienstleistungen","status":"publish","type":"page","link":"https:\/\/si-logistics.com\/de\/logistikdienstleistungen\/","title":{"rendered":"Logistikdienstleistungen"},"content":{"rendered":"<div id=\"keyvisualblock_224ad29f180b1d56e5cfa14a03acf86b\" class=\"has-background block__keyvisual--type-overlapping-banner block__keyvisual alignfull -detect-in-viewport\" data-controller=\"keyvisual\" >\n            <div class=\"keyvisual__background\">\n                            <img loading=\"lazy\" decoding=\"async\" width=\"1620\" height=\"1080\" src=\"https:\/\/si-logistics.com\/wp-content\/uploads\/sites\/4\/2024\/07\/SI-Logistics-Keyvisual-2-1.webp\" class=\"attachment-fullscreen_16_9 size-fullscreen_16_9\" alt=\"LKW-Fahrerin im LKW\" srcset=\"https:\/\/si-logistics.com\/wp-content\/uploads\/sites\/4\/2024\/07\/SI-Logistics-Keyvisual-2-1.webp 1620w, https:\/\/si-logistics.com\/wp-content\/uploads\/sites\/4\/2024\/07\/SI-Logistics-Keyvisual-2-1-300x200.webp 300w, https:\/\/si-logistics.com\/wp-content\/uploads\/sites\/4\/2024\/07\/SI-Logistics-Keyvisual-2-1-768x512.webp 768w, https:\/\/si-logistics.com\/wp-content\/uploads\/sites\/4\/2024\/07\/SI-Logistics-Keyvisual-2-1-1024x683.webp 1024w, https:\/\/si-logistics.com\/wp-content\/uploads\/sites\/4\/2024\/07\/SI-Logistics-Keyvisual-2-1-1536x1024.webp 1536w, https:\/\/si-logistics.com\/wp-content\/uploads\/sites\/4\/2024\/07\/SI-Logistics-Keyvisual-2-1-400x267.webp 400w\" sizes=\"auto, (max-width: 1620px) 100vw, 1620px\" \/>                    <\/div>\n            \n\n    <div class=\"keyvisual__wrapper\">\n        <div class=\"container inner-blocks\">\n                        \n\n<div class=\"wp-block-group is-vertical is-content-justification-center is-nowrap is-layout-flex wp-container-core-group-is-layout-6e392426 wp-block-group-is-layout-flex\">\n<h1 class=\"wp-block-heading has-white-color has-text-color has-link-color wp-elements-2cd36dc3638da3d592a9be4ff9061862\">Transparent, sicher und flexibel<\/h1>\n\n\n\n<p class=\"has-white-color has-text-color has-link-color has-large-font-size wp-elements-6ce118303c40524198515ecc5c4e26b5\">Logistikl\u00f6sungen von SI Logistics<\/p>\n<\/div>\n\n        <\/div>\n\n    <\/div>\n\n    \n\n<\/div>\n\n\n<div class=\"wp-block-group alignwide is-layout-flow wp-block-group-is-layout-flow\"><div class=\"wp-bootstrap-blocks-row row gx-5 justify-content-center align-items-center\">\n\t\n\n<div class=\"col-12 col-md-6 vertical-center\">\n\t\t\t\n\n<h2 class=\"wp-block-heading\">Ein starker Partner an Ihrer Seite<\/h2>\n\n\n\n<p>Unsere Logistikleistungen stimmen wir auf Ihre Branche und Ihre Prozesse ab. Dabei greifen wir auf unser weit verzweigtes Netzwerk zur\u00fcck: Unsere strategischen Standorte in den USA, China und Indien sorgen f\u00fcr reibungslose und effiziente Lieferketten \u2013 rund um den Globus.<\/p>\n\n\n\n<p>Planen, koordinieren, lagern, kontrollieren: Wir begleiten Sie auf Schritt und Tritt. Ihre Waren kommen p\u00fcnktlich und in einwandfreiem Zustand an. M\u00f6glich machen das modernste Technologien, unsere ausgewiesenen Fachexpertinnen und -experten und die intelligente Kombination verschiedener Verkehrstr\u00e4ger. Sie m\u00f6chten wissen, wo sich Ihre G\u00fcter gerade befinden? Unser digitales Supply Chain Tracking bietet Ihnen jederzeit volle Transparenz. Mit eigenen Pr\u00fcflabors sichern wir h\u00f6chste Qualit\u00e4tsstandards, insbesondere im komplexen Elektronikbereich.<\/p>\n\n\n\n<p>SI Logistics ist Teil der finanzstarken und weltweit wachsenden SI-Unternehmensgruppe. So k\u00f6nnen wir Ihnen auch in unsicheren Zeiten kompromisslose Sicherheit und Flexibilit\u00e4t bieten. Was d\u00fcrfen wir f\u00fcr Sie bewegen?&nbsp;<\/p>\n\n\n\n<div id=\"buttonblock_b0bd28a753c2de40a1721cfe9768a092\" class=\"btn--align-left block__button -detect-in-viewport\">\n\n  <div class=\"button__link \">\n          <a href=\"#kontakt\" target=\"\" class=\"btn btn--primary   \">\n        Unverbindlich anfragen        <svg viewBox=\"0 0 24 24\">\n          <use xlink:href=\"#button-arrow\"><\/use>\n        <\/svg>\n      <\/a>\n      <\/div>\n\n\n\n<\/div>\n\t<\/div>\n\n\n\n<div class=\"col-12 col-md-6 vertical-center\">\n\t\t\t\n\n<div id=\"image-with-chipblock_6c99f2feb598fda41aa091df2f7af38e\" class=\"block__image-with-chip -detect-in-viewport\">\n  <div class=\"image-with-chip__wrapper\">\n    <div class=\"image-with-chip__image\">\n            <div class=\"image-with-chip__chip image-with-chip__chip--right      animate__animated animate__siRotateIn-left animate__delay-default\">\n        <svg width=\"326\" height=\"326\" viewBox=\"0 0 326 326\" fill=\"none\" xmlns=\"http:\/\/www.w3.org\/2000\/svg\">\n          <use xlink:href=\" #image-chip\">\n        <\/svg>\n      <\/div>\n    <\/div>\n  <\/div>\n<\/div>\n\t<\/div>\n\n<\/div>\n<\/div>\n\n\n\n<div class=\"wp-block-group alignwide has-black-background-color has-background is-layout-constrained wp-block-group-is-layout-constrained\">\n<h2 class=\"wp-block-heading has-text-align-center\">Ihre Vorteile auf einen Blick<\/h2>\n\n\n<div class=\"wp-bootstrap-blocks-row row\">\n\t\n\n<div class=\"col-12 col-md-6\">\n\t\t\t\n\n<div id=\"short-factblock_affce68c0b3ee5e0ff5b695aee5b4c6d\" class=\"block__short-fact__orientation--horizontal block__short-fact alignfull -detect-in-viewport\">\n  <div class=\"\">\n    <div class=\"short-fact__icon\">\n      <img loading=\"lazy\" decoding=\"async\" width=\"48\" height=\"48\" src=\"https:\/\/si-logistics.com\/wp-content\/uploads\/sites\/4\/2024\/07\/Check_ring_white.svg\" class=\"attachment-fullscreen_16_9 size-fullscreen_16_9\" alt=\"Check_ring_white\" \/>    <\/div>\n    <div class=\"short-fact__inner-content\">\n              <h5 class=\"short-fact__title\">\n          Globale Pr\u00e4senz        <\/h5>\n            <p class=\"short-fact__paragraph\">\n        SI Logistics bietet flexible und transparente L\u00f6sungen f\u00fcr Unternehmen weltweit.      <\/p>\n    <\/div>\n  <\/div>\n\n<\/div>\n\t<\/div>\n\n\n\n<div class=\"col-12 col-md-6\">\n\t\t\t\n\n<div id=\"short-factblock_637923ca3c31120fcff54220e6bc6040\" class=\"block__short-fact__orientation--horizontal block__short-fact alignfull -detect-in-viewport\">\n  <div class=\"\">\n    <div class=\"short-fact__icon\">\n      <img loading=\"lazy\" decoding=\"async\" width=\"48\" height=\"48\" src=\"https:\/\/si-logistics.com\/wp-content\/uploads\/sites\/4\/2024\/07\/Check_ring_white.svg\" class=\"attachment-fullscreen_16_9 size-fullscreen_16_9\" alt=\"Check_ring_white\" \/>    <\/div>\n    <div class=\"short-fact__inner-content\">\n              <h5 class=\"short-fact__title\">\n          Effizienz        <\/h5>\n            <p class=\"short-fact__paragraph\">\n        Mit modernster Technik und strategischen Standorten garantieren wir reibungslose Lieferketten.      <\/p>\n    <\/div>\n  <\/div>\n\n<\/div>\n\t<\/div>\n\n\n\n<div class=\"col-12 col-md-6\">\n\t\t\t\n\n<div id=\"short-factblock_134a4aee568850b5094b4933ec6cb1f3\" class=\"block__short-fact__orientation--horizontal block__short-fact alignfull -detect-in-viewport\">\n  <div class=\"\">\n    <div class=\"short-fact__icon\">\n      <img loading=\"lazy\" decoding=\"async\" width=\"48\" height=\"48\" src=\"https:\/\/si-logistics.com\/wp-content\/uploads\/sites\/4\/2024\/07\/Check_ring_white.svg\" class=\"attachment-fullscreen_16_9 size-fullscreen_16_9\" alt=\"Check_ring_white\" \/>    <\/div>\n    <div class=\"short-fact__inner-content\">\n              <h5 class=\"short-fact__title\">\n          Qualit\u00e4tssicherung        <\/h5>\n            <p class=\"short-fact__paragraph\">\n        Unsere Pr\u00fcflabors gew\u00e4hrleisten Spitzenqualit\u00e4t, besonders in der Elektronikbranche.      <\/p>\n    <\/div>\n  <\/div>\n\n<\/div>\n\t<\/div>\n\n\n\n<div class=\"col-12 col-md-6\">\n\t\t\t\n\n<div id=\"short-factblock_4582eb6b0bb471dc7a546052eed4230f\" class=\"block__short-fact__orientation--horizontal block__short-fact alignfull -detect-in-viewport\">\n  <div class=\"\">\n    <div class=\"short-fact__icon\">\n      <img loading=\"lazy\" decoding=\"async\" width=\"48\" height=\"48\" src=\"https:\/\/si-logistics.com\/wp-content\/uploads\/sites\/4\/2024\/07\/Check_ring_white.svg\" class=\"attachment-fullscreen_16_9 size-fullscreen_16_9\" alt=\"Check_ring_white\" \/>    <\/div>\n    <div class=\"short-fact__inner-content\">\n              <h5 class=\"short-fact__title\">\n          Flexibilit\u00e4t         <\/h5>\n            <p class=\"short-fact__paragraph\">\n        Dank unserer starken Unternehmensgruppe bleiben Sie selbst in volatilen M\u00e4rkten beweglich und sicher.      <\/p>\n    <\/div>\n  <\/div>\n\n<\/div>\n\t<\/div>\n\n<\/div>\n<\/div>\n\n\n\n<div id=\"kontakt\" class=\"wp-block-group is-layout-constrained wp-block-group-is-layout-constrained\">\n<h2 class=\"wp-block-heading has-text-align-center\">Ihre Anfrage<\/h2>\n\n\n\n<p class=\"has-text-align-center\">Wie k\u00f6nnen wir Sie unterst\u00fctzen? Ob allgemeine Fragen oder konkrete Beschaffungsanfrage \u2013 lassen Sie uns wissen, wie wir Ihnen helfen k\u00f6nnen!<\/p>\n\n\n<div class=\"frm_forms  with_frm_style frm_style_formidable-style\" id=\"frm_form_3_container\" data-token=\"a0c9ba8d058f28012fb5efaf7c773a37\">\n<form enctype=\"multipart\/form-data\" method=\"post\" class=\"frm-show-form  frm_js_validate  frm_ajax_submit  frm_pro_form \" id=\"form_contact-form2\" data-token=\"a0c9ba8d058f28012fb5efaf7c773a37\">\n<div class=\"frm_form_fields \">\n<fieldset>\n<legend class=\"frm_screen_reader\">Kontaktformular SI Logistics<\/legend>\r\n\r\n<div class=\"frm_fields_container\">\n<input type=\"hidden\" name=\"frm_action\" value=\"create\" \/>\n<input type=\"hidden\" name=\"form_id\" value=\"3\" \/>\n<input type=\"hidden\" name=\"frm_hide_fields_3\" id=\"frm_hide_fields_3\" value=\"\" \/>\n<input type=\"hidden\" name=\"form_key\" value=\"contact-form2\" \/>\n<input type=\"hidden\" name=\"item_meta[0]\" value=\"\" \/>\n<input type=\"hidden\" id=\"frm_submit_entry_3\" name=\"frm_submit_entry_3\" value=\"ed45f5d986\" \/><input type=\"hidden\" name=\"_wp_http_referer\" value=\"\/de\/wp-json\/wp\/v2\/pages\/334\" \/><div id=\"frm_field_46_container\" class=\"frm_form_field form-field  frm_required_field frm_top_container vertical_radio\">\r\n\t<div id=\"field_tzjud_label\" class=\"frm_primary_label\">Grund der Anfrage\r\n\t\t<span class=\"frm_required\" aria-hidden=\"true\">*<\/span>\r\n\t<\/div>\r\n\t<div class=\"frm_opt_container\" role=\"radiogroup\" aria-required=\"true\">\t\t<div class=\"frm_radio\" id=\"frm_radio_46-0\">\t\t\t<label  for=\"field_tzjud-0\">\n\t\t\t\t\t<input type=\"radio\" name=\"item_meta[46]\" id=\"field_tzjud-0\" value=\"Allgemein\"\n\t\t data-reqmsg=\"Grund der Anfrage cannot be blank.\" data-invmsg=\"Grund der Anfrage ist ung\u00fcltig\"   \/> Allgemein<\/label><\/div>\n\t\t<div class=\"frm_radio\" id=\"frm_radio_46-1\">\t\t\t<label  for=\"field_tzjud-1\">\n\t\t\t\t\t<input type=\"radio\" name=\"item_meta[46]\" id=\"field_tzjud-1\" value=\"Beschaffungsanfrage\"\n\t\t data-reqmsg=\"Grund der Anfrage cannot be blank.\" data-invmsg=\"Grund der Anfrage ist ung\u00fcltig\"   \/> Beschaffungsanfrage<\/label><\/div>\n\t\t<div class=\"frm_radio\" id=\"frm_radio_46-2\">\t\t\t<label  for=\"field_tzjud-2\">\n\t\t\t\t\t<input type=\"radio\" name=\"item_meta[46]\" id=\"field_tzjud-2\" value=\"Fulfillment\"\n\t\t data-reqmsg=\"Grund der Anfrage cannot be blank.\" data-invmsg=\"Grund der Anfrage ist ung\u00fcltig\"   \/> Fulfillment<\/label><\/div>\n\t\t<div class=\"frm_radio\" id=\"frm_radio_46-5\">\t\t\t<label  for=\"field_tzjud-5\">\n\t\t\t\t\t<input type=\"radio\" name=\"item_meta[46]\" id=\"field_tzjud-5\" value=\"Kritische Lieferung\"\n\t\t data-reqmsg=\"Grund der Anfrage cannot be blank.\" data-invmsg=\"Grund der Anfrage ist ung\u00fcltig\"   \/> Kritische Lieferung<\/label><\/div>\n\t\t<div class=\"frm_radio\" id=\"frm_radio_46-3\">\t\t\t<label  for=\"field_tzjud-3\">\n\t\t\t\t\t<input type=\"radio\" name=\"item_meta[46]\" id=\"field_tzjud-3\" value=\"Logistikdienstleistungen\"\n\t\t data-reqmsg=\"Grund der Anfrage cannot be blank.\" data-invmsg=\"Grund der Anfrage ist ung\u00fcltig\"   \/> Logistikdienstleistungen<\/label><\/div>\n\t\t<div class=\"frm_radio\" id=\"frm_radio_46-4\">\t\t\t<label  for=\"field_tzjud-4\">\n\t\t\t\t\t<input type=\"radio\" name=\"item_meta[46]\" id=\"field_tzjud-4\" value=\"Logistikberatung\"\n\t\t data-reqmsg=\"Grund der Anfrage cannot be blank.\" data-invmsg=\"Grund der Anfrage ist ung\u00fcltig\"   \/> Logistikberatung<\/label><\/div>\n<\/div>\r\n\t\r\n\t\r\n<\/div>\n<div id=\"frm_field_39_container\" class=\"frm_form_field form-field  frm_top_container\">\r\n    <label for=\"field_c3v4z\" id=\"field_c3v4z_label\" class=\"frm_primary_label\">Firma\r\n        <span class=\"frm_required\" aria-hidden=\"true\"><\/span>\r\n    <\/label>\r\n    <input  type=\"text\" id=\"field_c3v4z\" name=\"item_meta[39]\" value=\"\"  data-invmsg=\"Text ist ung\u00fcltig\" aria-invalid=\"false\"   \/>\r\n    \r\n    \r\n<\/div>\n<div id=\"frm_field_40_container\" class=\"frm_form_field form-field  frm_required_field frm_top_container frm_first frm_half\">\r\n    <label for=\"field_qh4icy2\" id=\"field_qh4icy2_label\" class=\"frm_primary_label\">Vorname\r\n        <span class=\"frm_required\" aria-hidden=\"true\">*<\/span>\r\n    <\/label>\r\n    <input  type=\"text\" id=\"field_qh4icy2\" name=\"item_meta[40]\" value=\"\"  data-reqmsg=\"Dieses Feld darf nicht leer sein.\" aria-required=\"true\" data-invmsg=\"Name ist ung\u00fcltig\" aria-invalid=\"false\"   \/>\r\n    \r\n    \r\n<\/div>\n<div id=\"frm_field_41_container\" class=\"frm_form_field form-field  frm_required_field frm_top_container frm_half\">\r\n    <label for=\"field_ocfup12\" id=\"field_ocfup12_label\" class=\"frm_primary_label\">Nachname\r\n        <span class=\"frm_required\" aria-hidden=\"true\">*<\/span>\r\n    <\/label>\r\n    <input  type=\"text\" id=\"field_ocfup12\" name=\"item_meta[41]\" value=\"\"  data-reqmsg=\"Dieses Feld darf nicht leer sein.\" aria-required=\"true\" data-invmsg=\"Last ist ung\u00fcltig\" aria-invalid=\"false\"   \/>\r\n    \r\n    \r\n<\/div>\n<div id=\"frm_field_42_container\" class=\"frm_form_field form-field  frm_required_field frm_top_container frm_full\">\r\n    <label for=\"field_29yf4d2\" id=\"field_29yf4d2_label\" class=\"frm_primary_label\">E-Mail\r\n        <span class=\"frm_required\" aria-hidden=\"true\">*<\/span>\r\n    <\/label>\r\n    <input type=\"email\" id=\"field_29yf4d2\" name=\"item_meta[42]\" value=\"\"  data-reqmsg=\"Dieses Feld darf nicht leer sein.\" aria-required=\"true\" data-invmsg=\"Please enter a valid email address\" aria-invalid=\"false\"  \/>\r\n    \r\n    \r\n<\/div>\n<div id=\"frm_field_43_container\" class=\"frm_form_field form-field  frm_top_container\">\r\n    <label for=\"field_e6lis62\" id=\"field_e6lis62_label\" class=\"frm_primary_label\">Telefon\r\n        <span class=\"frm_required\" aria-hidden=\"true\"><\/span>\r\n    <\/label>\r\n    <input  type=\"text\" id=\"field_e6lis62\" name=\"item_meta[43]\" value=\"\"  data-invmsg=\"Subject ist ung\u00fcltig\" aria-invalid=\"false\"   \/>\r\n    \r\n    \r\n<\/div>\n<div id=\"frm_field_44_container\" class=\"frm_form_field form-field  frm_required_field frm_top_container frm_full\">\r\n    <label for=\"field_9jv0r12\" id=\"field_9jv0r12_label\" class=\"frm_primary_label\">Nachricht\r\n        <span class=\"frm_required\" aria-hidden=\"true\">*<\/span>\r\n    <\/label>\r\n    <textarea name=\"item_meta[44]\" id=\"field_9jv0r12\" rows=\"5\"  data-reqmsg=\"Dieses Feld darf nicht leer sein.\" aria-required=\"true\" data-invmsg=\"Message ist ung\u00fcltig\" aria-invalid=\"false\"  ><\/textarea>\r\n    \r\n    \r\n<\/div>\n<div id=\"frm_field_45_container\" class=\"frm_form_field form-field \">\r\n\t<div class=\"frm_submit frm_flex\">\r\n<button class=\"frm_button_submit frm_final_submit\" type=\"submit\"  formnovalidate=\"formnovalidate\">Senden<\/button>\r\n\r\n\r\n\r\n<\/div>\r\n<\/div>\n\t<input type=\"hidden\" name=\"item_key\" value=\"\" \/>\n\t\t\t<div id=\"frm_field_86_container\">\n\t\t\t<label for=\"field_uf06l\" >\n\t\t\t\tFalls Du menschlich bist, lasse dieses Feld leer.\t\t\t<\/label>\n\t\t\t<input  id=\"field_uf06l\" type=\"text\" class=\"frm_form_field form-field frm_verify\" name=\"item_meta[86]\" value=\"\"  \/>\n\t\t<\/div>\n\t\t<input name=\"frm_state\" type=\"hidden\" value=\"z0RD0OEC2ZqFd2XgjidvVXDAdPu+7nZpziqKaNmCC4sD0uSCq\/\/lWTCVw96iK4F9\" \/><\/div>\n<\/fieldset>\n<\/div>\n\n<\/form>\n<\/div>\n<\/div>\n","protected":false},"excerpt":{"rendered":"<p>Ihre Vorteile auf einen Blick Ihre Anfrage Wie k\u00f6nnen wir Sie unterst\u00fctzen? Ob allgemeine Fragen oder konkrete Beschaffungsanfrage \u2013 lassen Sie uns wissen, wie wir Ihnen helfen k\u00f6nnen!<\/p>\n","protected":false},"author":1,"featured_media":0,"parent":0,"menu_order":0,"comment_status":"closed","ping_status":"closed","template":"","meta":{"footnotes":""},"class_list":["post-334","page","type-page","status-publish","hentry"],"aioseo_notices":[],"acf":[],"_links":{"self":[{"href":"https:\/\/si-logistics.com\/de\/wp-json\/wp\/v2\/pages\/334","targetHints":{"allow":["GET"]}}],"collection":[{"href":"https:\/\/si-logistics.com\/de\/wp-json\/wp\/v2\/pages"}],"about":[{"href":"https:\/\/si-logistics.com\/de\/wp-json\/wp\/v2\/types\/page"}],"author":[{"embeddable":true,"href":"https:\/\/si-logistics.com\/de\/wp-json\/wp\/v2\/users\/1"}],"replies":[{"embeddable":true,"href":"https:\/\/si-logistics.com\/de\/wp-json\/wp\/v2\/comments?post=334"}],"version-history":[{"count":8,"href":"https:\/\/si-logistics.com\/de\/wp-json\/wp\/v2\/pages\/334\/revisions"}],"predecessor-version":[{"id":360,"href":"https:\/\/si-logistics.com\/de\/wp-json\/wp\/v2\/pages\/334\/revisions\/360"}],"wp:attachment":[{"href":"https:\/\/si-logistics.com\/de\/wp-json\/wp\/v2\/media?parent=334"}],"curies":[{"name":"wp","href":"https:\/\/api.w.org\/{rel}","templated":true}]}}